{"id":75,"date":"2022-11-12T08:18:39","date_gmt":"2022-11-12T07:18:39","guid":{"rendered":"http:\/\/www.emericvautrin.com\/?page_id=75"},"modified":"2023-07-07T07:00:07","modified_gmt":"2023-07-07T05:00:07","slug":"75-2","status":"publish","type":"page","link":"https:\/\/www.emericvautrin.com\/index.php\/75-2\/","title":{"rendered":"Medecine Traditionelle Chinoise"},"content":{"rendered":"<p>[et_pb_section fb_built=&#8221;1&#8243; admin_label=&#8221;Header&#8221; _builder_version=&#8221;4.16&#8243; _module_preset=&#8221;default&#8221; background_color=&#8221;#fff6ee&#8221; global_colors_info=&#8221;{}&#8221;][et_pb_row column_structure=&#8221;1_2,1_2&#8243; make_equal=&#8221;on&#8221; _builder_version=&#8221;4.16&#8243; _module_preset=&#8221;default&#8221; global_colors_info=&#8221;{}&#8221;][et_pb_column type=&#8221;1_2&#8243; _builder_version=&#8221;4.16&#8243; _module_preset=&#8221;default&#8221; use_background_color_gradient=&#8221;on&#8221; background_color_gradient_stops=&#8221;#f4d5b8 0%|rgba(0,0,0,0) 100%&#8221; background_color_gradient_start=&#8221;#f4d5b8&#8243; background_color_gradient_end=&#8221;rgba(0,0,0,0)&#8221; box_shadow_style=&#8221;preset7&#8243; box_shadow_horizontal=&#8221;-220px&#8221; box_shadow_vertical=&#8221;0px&#8221; box_shadow_color=&#8221;#FFF6EE&#8221; global_colors_info=&#8221;{}&#8221;][et_pb_text _builder_version=&#8221;4.18.0&#8243; _module_preset=&#8221;default&#8221; text_font_size=&#8221;18px&#8221; text_line_height=&#8221;1.8em&#8221; header_font=&#8221;Unna|700|||||||&#8221; header_font_size=&#8221;68px&#8221; header_line_height=&#8221;1.2em&#8221; custom_margin=&#8221;||||false|false&#8221; text_font_size_tablet=&#8221;16px&#8221; text_font_size_phone=&#8221;14px&#8221; text_font_size_last_edited=&#8221;on|phone&#8221; header_font_size_tablet=&#8221;48px&#8221; header_font_size_phone=&#8221;32px&#8221; header_font_size_last_edited=&#8221;on|phone&#8221; header_line_height_tablet=&#8221;&#8221; header_line_height_phone=&#8221;1.4em&#8221; header_line_height_last_edited=&#8221;on|phone&#8221; locked=&#8221;off&#8221; global_colors_info=&#8221;{}&#8221;]<\/p>\n<h1>MTC : Qu\u2019est-ce que la M\u00e9decine Traditionnelle Chinoise ?<\/h1>\n<p>&nbsp;<\/p>\n<p style=\"text-align: justify;\">Multi-mill\u00e9naire, la M\u00e9decine Traditionnelle Chinoise (MTC) est reconnue depuis 1997 par l\u2019OMS et forme, apr\u00e8s la m\u00e9decine occidentale, le syst\u00e8me de soin plus d\u00e9velopp\u00e9 au monde.<\/p>\n<p style=\"text-align: justify;\">Elle cherche \u00e0 comprendre l\u2019\u00eatre humain dans son ensemble (corps et esprit), dans son environnement (climat, travail \u2026), \u00e0 un moment donn\u00e9, afin de r\u00e9tablir l\u2019\u00e9quilibre interne et la circulation de l\u2019\u00e9nergie (le Qi) dans l\u2019organisme. C\u2019est pour cela qu\u2019on la classe en m\u00e9thode de soin dite \u00ab\u00a0\u00e9nerg\u00e9tique\u00a0\u00bb, son principe \u00e9tant de d\u00e9tecter les troubles \u00e9nerg\u00e9tiques de la personne, responsables de d\u00e9s\u00e9quilibres, pour ensuite r\u00e9-harmoniser la circulation de cette \u00e9nergie et retrouver une bonne sant\u00e9.<\/p>\n<p>[\/et_pb_text][et_pb_button button_url=&#8221;@ET-DC@eyJkeW5hbWljIjp0cnVlLCJjb250ZW50IjoicG9zdF9saW5rX3VybF9wYWdlIiwic2V0dGluZ3MiOnsicG9zdF9pZCI6IjUxIn19@&#8221; button_text=&#8221;Prendre rendez-vous&#8221; button_alignment=&#8221;left&#8221; _builder_version=&#8221;4.18.0&#8243; _dynamic_attributes=&#8221;button_url&#8221; _module_preset=&#8221;default&#8221; custom_button=&#8221;on&#8221; button_text_size=&#8221;16px&#8221; button_bg_color=&#8221;#063765&#8243; button_border_color=&#8221;#FFFFFF&#8221; button_border_radius=&#8221;0px&#8221; button_font=&#8221;|700||on|||||&#8221; button_icon=&#8221;&#x35;||divi||400&#8243; background_layout=&#8221;dark&#8221; custom_padding=&#8221;15px|40px|15px|40px|true|true&#8221; hover_enabled=&#8221;0&#8243; locked=&#8221;off&#8221; global_colors_info=&#8221;{}&#8221; button_border_width=&#8221;1px&#8221; box_shadow_style=&#8221;preset1&#8243; sticky_enabled=&#8221;0&#8243;][\/et_pb_button][\/et_pb_column][et_pb_column type=&#8221;1_2&#8243; _builder_version=&#8221;4.16&#8243; _module_preset=&#8221;default&#8221; global_colors_info=&#8221;{}&#8221;][et_pb_image src=&#8221;http:\/\/www.emericvautrin.com\/wp-content\/uploads\/2022\/11\/acupuncture-41.jpg&#8221; title_text=&#8221;acupuncture-41&#8243; _builder_version=&#8221;4.18.0&#8243; _module_preset=&#8221;default&#8221; z_index=&#8221;1&#8243; width=&#8221;90%&#8221; module_alignment=&#8221;right&#8221; custom_margin_tablet=&#8221;0px||||false|false&#8221; custom_margin_last_edited=&#8221;off|desktop&#8221; hover_enabled=&#8221;0&#8243; global_colors_info=&#8221;{}&#8221; border_width_all=&#8221;1px&#8221; border_color_all=&#8221;#FFFFFF&#8221; box_shadow_style=&#8221;preset1&#8243; sticky_enabled=&#8221;0&#8243;][\/et_pb_image][et_pb_image src=&#8221;http:\/\/www.emericvautrin.com\/wp-content\/uploads\/2022\/11\/acupuncture-42.png&#8221; title_text=&#8221;acupuncture-42&#8243; _builder_version=&#8221;4.16&#8243; _module_preset=&#8221;default&#8221; positioning=&#8221;absolute&#8221; position_origin_a=&#8221;bottom_left&#8221; horizontal_offset_tablet=&#8221;150px&#8221; horizontal_offset_phone=&#8221;0px&#8221; horizontal_offset_last_edited=&#8221;off|desktop&#8221; global_colors_info=&#8221;{}&#8221;][\/et_pb_image][\/et_pb_column][\/et_pb_row][\/et_pb_section][et_pb_section fb_built=&#8221;1&#8243; admin_label=&#8221;Details&#8221; _builder_version=&#8221;4.16&#8243; _module_preset=&#8221;default&#8221; global_colors_info=&#8221;{}&#8221;][et_pb_row _builder_version=&#8221;4.16&#8243; _module_preset=&#8221;default&#8221; max_width=&#8221;700px&#8221; global_colors_info=&#8221;{}&#8221;][et_pb_column type=&#8221;4_4&#8243; _builder_version=&#8221;4.16&#8243; _module_preset=&#8221;default&#8221; global_colors_info=&#8221;{}&#8221;][et_pb_text _builder_version=&#8221;4.16&#8243; _module_preset=&#8221;default&#8221; text_font=&#8221;|600|||||||&#8221; text_text_color=&#8221;#000000&#8243; text_font_size=&#8221;22px&#8221; text_line_height=&#8221;1.8em&#8221; text_font_size_tablet=&#8221;20px&#8221; text_font_size_phone=&#8221;16px&#8221; text_font_size_last_edited=&#8221;on|phone&#8221; global_colors_info=&#8221;{}&#8221;]<\/p>\n<p><strong>Que soigne la M\u00e9decine Traditionnelle Chinoise ?<\/strong><\/p>\n<p>[\/et_pb_text][et_pb_text _builder_version=&#8221;4.18.0&#8243; _module_preset=&#8221;default&#8221; text_font=&#8221;||||||||&#8221; text_font_size=&#8221;16px&#8221; text_line_height=&#8221;2em&#8221; text_font_size_tablet=&#8221;&#8221; text_font_size_phone=&#8221;14px&#8221; text_font_size_last_edited=&#8221;on|phone&#8221; global_colors_info=&#8221;{}&#8221;]<\/p>\n<p>L\u2019OMS a reconnu officiellement l\u2019efficacit\u00e9 de la\u00a0<strong>m\u00e9decine traditionnelle chinoise<\/strong>\u00a0dans de nombreux d\u00e9s\u00e9quilibres:<\/p>\n<ul>\n<li><strong>Troubles g\u00e9n\u00e9raux<\/strong>:\u00a0 fatigue, stress, faiblesse, migraines, insomnie, r\u00e9veils fr\u00e9quents<\/li>\n<li><strong>Douleurs<\/strong>\u00a0: musculaires, entorses, traumatismes sportifs, tendinites, mal de dos, lombalgie, sciatique, lumbago, douleurs genoux, douleurs cervicales et torticolis\u2026<\/li>\n<li><strong>Probl\u00e8mes digestifs\u00a0<\/strong>: diarrh\u00e9e, constipation, br\u00fblures d\u2019estomac, manque d\u2019app\u00e9tit, ballonnements, digestion difficile, naus\u00e9es et vomissements..<\/li>\n<li><strong>Troubles psychologiques\u00a0<\/strong>: d\u00e9pression, burn-out, tristesse, anxi\u00e9t\u00e9,\u00a0angoisse, agitation, nervosit\u00e9, pertes de m\u00e9moire\u2026<\/li>\n<li><strong>Probl\u00e8mes circulatoires\u00a0<\/strong>: frilosit\u00e9, mains, pieds et nez froids, \u0153d\u00e8me, enflure, palpitations, engourdissements, h\u00e9morro\u00efdes\u2026<\/li>\n<li><strong>Probl\u00e8mes auditifs\u00a0<\/strong>: acouph\u00e8nes, otites \u00e0 r\u00e9p\u00e9tition, vertiges et \u00e9tourdissements, bourdonnements, troubles de l\u2019\u00e9quilibre\u2026<\/li>\n<li><strong>Probl\u00e8mes oculaires\u00a0<\/strong>: \u00e9blouissements, s\u00e9cheresse des yeux, baisse de la vue, larmoiements\u2026<\/li>\n<li><strong>Probl\u00e8mes respiratoires\u00a0<\/strong>: rhinite, allergies, d\u00e9mangeaison yeux-nez-gorge, toux, essoufflement, saignement de nez\u2026<\/li>\n<li><strong>Troubles f\u00e9minins\u00a0<\/strong>: syndrome pr\u00e9menstruel, seins douloureux, probl\u00e8mes de r\u00e8gles, cycles irr\u00e9guliers, r\u00e8gles abondantes, bouff\u00e9e de chaleur,\u00a0fertilit\u00e9\u2026<\/li>\n<li><strong>Probl\u00e8mes urinaires\u00a0<\/strong>: infections urinaires, br\u00fblures, incontinence urinaire, blocage urinaire\u2026<\/li>\n<li><strong>Probl\u00e8mes cutan\u00e9s\u00a0<\/strong>: acn\u00e9, probl\u00e8mes de peau, plaques<\/li>\n<\/ul>\n<p>[\/et_pb_text][\/et_pb_column][\/et_pb_row][\/et_pb_section][et_pb_section fb_built=&#8221;1&#8243; admin_label=&#8221;Feature&#8221; _builder_version=&#8221;4.16&#8243; _module_preset=&#8221;default&#8221; background_image=&#8221;http:\/\/www.emericvautrin.com\/wp-content\/uploads\/2022\/11\/acupuncture-44.png&#8221; background_size=&#8221;initial&#8221; global_colors_info=&#8221;{}&#8221;][et_pb_row column_structure=&#8221;1_2,1_2&#8243; _builder_version=&#8221;4.16&#8243; _module_preset=&#8221;default&#8221; custom_margin=&#8221;50px||50px||true|false&#8221; custom_margin_tablet=&#8221;0px||0px||true|false&#8221; custom_margin_phone=&#8221;&#8221; custom_margin_last_edited=&#8221;on|tablet&#8221; global_colors_info=&#8221;{}&#8221;][et_pb_column type=&#8221;1_2&#8243; _builder_version=&#8221;4.16&#8243; _module_preset=&#8221;default&#8221; global_colors_info=&#8221;{}&#8221;][et_pb_image src=&#8221;http:\/\/www.emericvautrin.com\/wp-content\/uploads\/2022\/11\/acupuncture-45.jpg&#8221; title_text=&#8221;acupuncture-45&#8243; align=&#8221;right&#8221; align_tablet=&#8221;left&#8221; align_phone=&#8221;&#8221; align_last_edited=&#8221;on|phone&#8221; _builder_version=&#8221;4.18.0&#8243; _module_preset=&#8221;default&#8221; hover_enabled=&#8221;0&#8243; global_colors_info=&#8221;{}&#8221; border_width_all=&#8221;1px&#8221; border_color_all=&#8221;#FFFFFF&#8221; box_shadow_style=&#8221;preset1&#8243; sticky_enabled=&#8221;0&#8243;][\/et_pb_image][\/et_pb_column][et_pb_column type=&#8221;1_2&#8243; _builder_version=&#8221;4.16&#8243; _module_preset=&#8221;default&#8221; custom_padding=&#8221;150px||||false|false&#8221; custom_padding_tablet=&#8221;20px||||false|false&#8221; custom_padding_phone=&#8221;&#8221; custom_padding_last_edited=&#8221;on|tablet&#8221; global_colors_info=&#8221;{}&#8221;][et_pb_text _builder_version=&#8221;4.18.0&#8243; _module_preset=&#8221;default&#8221; header_2_font=&#8221;Unna|700|||||||&#8221; header_2_font_size=&#8221;48px&#8221; header_2_line_height=&#8221;1.2em&#8221; header_2_font_size_tablet=&#8221;30px&#8221; header_2_font_size_phone=&#8221;24px&#8221; header_2_font_size_last_edited=&#8221;on|tablet&#8221; header_2_line_height_tablet=&#8221;1.4em&#8221; header_2_line_height_phone=&#8221;1.5em&#8221; header_2_line_height_last_edited=&#8221;on|tablet&#8221; locked=&#8221;off&#8221; global_colors_info=&#8221;{}&#8221;]<\/p>\n<h2>Comment se deroule une Seance ?<\/h2>\n<p>[\/et_pb_text][\/et_pb_column][\/et_pb_row][et_pb_row column_structure=&#8221;2_5,3_5&#8243; _builder_version=&#8221;4.16&#8243; _module_preset=&#8221;default&#8221; custom_margin=&#8221;50px||50px||true|false&#8221; custom_margin_tablet=&#8221;0px||0px||true|false&#8221; custom_margin_phone=&#8221;&#8221; custom_margin_last_edited=&#8221;on|tablet&#8221; global_colors_info=&#8221;{}&#8221;][et_pb_column type=&#8221;2_5&#8243; _builder_version=&#8221;4.16&#8243; _module_preset=&#8221;default&#8221; custom_padding=&#8221;||||false|false&#8221; global_colors_info=&#8221;{}&#8221;][et_pb_text _builder_version=&#8221;4.18.0&#8243; _module_preset=&#8221;default&#8221; text_font_size=&#8221;16px&#8221; text_line_height=&#8221;1.8em&#8221; text_font_size_tablet=&#8221;&#8221; text_font_size_phone=&#8221;14px&#8221; text_font_size_last_edited=&#8221;on|phone&#8221; text_line_height_tablet=&#8221;&#8221; text_line_height_phone=&#8221;&#8221; text_line_height_last_edited=&#8221;on|phone&#8221; locked=&#8221;off&#8221; global_colors_info=&#8221;{}&#8221;]<\/p>\n<p>Une s\u00e9ance de M\u00e9decine Traditionnelle Chinoise commence par un bilan :<\/p>\n<ul>\n<li>L\u2019anamn\u00e8se comprenant des questions tr\u00e8s vari\u00e9es. Quel que soit le motif de votre rendez-vous nous parlerons de votre sommeil, votre digestion, vos douleurs, \u2026 mais aussi vos traitements et de vos ant\u00e9c\u00e9dents m\u00e9dicaux<\/li>\n<li>L\u2019observation de votre langue<\/li>\n<li>La prise des pouls radiaux<\/li>\n<\/ul>\n<p>Ce bilan permet d\u2019\u00e9tablir un protocole de soin sp\u00e9cifique pour r\u00e9\u00e9quilibrer vos \u00e9nergies.<\/p>\n<p>J\u2019adapte le traitement en fonction des d\u00e9s\u00e9quilibres avec les outils de la M\u00e9decine Traditionnelle Chinoise: acupression (fonctionne comme l\u2019acupuncture sans utilisation d\u2019aiguilles), ventouses, moxibustion, Qi Gong, Gua Sha, conseils di\u00e9t\u00e9tiques \u2026<\/p>\n<p>Chaque s\u00e9ance dure environ 1h.<\/p>\n<p>J\u2019accueille les adultes, adolescents, enfants et b\u00e9b\u00e9s (tous en pr\u00e9sence de leur parent).<\/p>\n<p>[\/et_pb_text][et_pb_button button_url=&#8221;@ET-DC@eyJkeW5hbWljIjp0cnVlLCJjb250ZW50IjoicG9zdF9saW5rX3VybF9wYWdlIiwic2V0dGluZ3MiOnsicG9zdF9pZCI6IjUxIn19@&#8221; button_text=&#8221;Prendre rendez-vous&#8221; button_alignment=&#8221;left&#8221; _builder_version=&#8221;4.18.0&#8243; _dynamic_attributes=&#8221;button_url&#8221; _module_preset=&#8221;default&#8221; custom_button=&#8221;on&#8221; button_text_size=&#8221;16px&#8221; button_bg_color=&#8221;#063765&#8243; button_border_color=&#8221;#FFFFFF&#8221; button_border_radius=&#8221;0px&#8221; button_letter_spacing=&#8221;2px&#8221; button_font=&#8221;|700||on|||||&#8221; button_icon=&#8221;&#x35;||divi||400&#8243; background_layout=&#8221;dark&#8221; custom_padding=&#8221;15px|40px|15px|40px|true|true&#8221; hover_enabled=&#8221;0&#8243; locked=&#8221;off&#8221; global_colors_info=&#8221;{}&#8221; button_border_width=&#8221;1px&#8221; box_shadow_style=&#8221;preset1&#8243; sticky_enabled=&#8221;0&#8243;][\/et_pb_button][\/et_pb_column][et_pb_column type=&#8221;3_5&#8243; _builder_version=&#8221;4.16&#8243; _module_preset=&#8221;default&#8221; global_colors_info=&#8221;{}&#8221;][et_pb_image src=&#8221;http:\/\/www.emericvautrin.com\/wp-content\/uploads\/2022\/11\/acupuncture-62.jpg&#8221; title_text=&#8221;acupuncture-62&#8243; _builder_version=&#8221;4.18.0&#8243; _module_preset=&#8221;default&#8221; hover_enabled=&#8221;0&#8243; global_colors_info=&#8221;{}&#8221; border_width_all=&#8221;1px&#8221; border_color_all=&#8221;#FFFFFF&#8221; box_shadow_style=&#8221;preset1&#8243; sticky_enabled=&#8221;0&#8243;][\/et_pb_image][\/et_pb_column][\/et_pb_row][\/et_pb_section]<\/p>\n","protected":false},"excerpt":{"rendered":"<p>MTC : Qu\u2019est-ce que la M\u00e9decine Traditionnelle Chinoise ? &nbsp; Multi-mill\u00e9naire, la M\u00e9decine Traditionnelle Chinoise (MTC) est reconnue depuis 1997 par l\u2019OMS et forme, apr\u00e8s la m\u00e9decine occidentale, le syst\u00e8me de soin plus d\u00e9velopp\u00e9 au monde. Elle cherche \u00e0 comprendre l\u2019\u00eatre humain dans son ensemble (corps et esprit), dans son environnement (climat, travail \u2026), \u00e0 [&hellip;]<\/p>\n","protected":false},"author":1,"featured_media":0,"parent":0,"menu_order":0,"comment_status":"closed","ping_status":"closed","template":"","meta":{"_et_pb_use_builder":"on","_et_pb_old_content":"","_et_gb_content_width":"","ngg_post_thumbnail":0,"footnotes":""},"class_list":["post-75","page","type-page","status-publish","hentry"],"_links":{"self":[{"href":"https:\/\/www.emericvautrin.com\/index.php\/wp-json\/wp\/v2\/pages\/75","targetHints":{"allow":["GET"]}}],"collection":[{"href":"https:\/\/www.emericvautrin.com\/index.php\/wp-json\/wp\/v2\/pages"}],"about":[{"href":"https:\/\/www.emericvautrin.com\/index.php\/wp-json\/wp\/v2\/types\/page"}],"author":[{"embeddable":true,"href":"https:\/\/www.emericvautrin.com\/index.php\/wp-json\/wp\/v2\/users\/1"}],"replies":[{"embeddable":true,"href":"https:\/\/www.emericvautrin.com\/index.php\/wp-json\/wp\/v2\/comments?post=75"}],"version-history":[{"count":10,"href":"https:\/\/www.emericvautrin.com\/index.php\/wp-json\/wp\/v2\/pages\/75\/revisions"}],"predecessor-version":[{"id":243,"href":"https:\/\/www.emericvautrin.com\/index.php\/wp-json\/wp\/v2\/pages\/75\/revisions\/243"}],"wp:attachment":[{"href":"https:\/\/www.emericvautrin.com\/index.php\/wp-json\/wp\/v2\/media?parent=75"}],"curies":[{"name":"wp","href":"https:\/\/api.w.org\/{rel}","templated":true}]}}